{"id":13,"date":"2019-10-25T09:50:44","date_gmt":"2019-10-25T09:50:44","guid":{"rendered":"http:\/\/demo.athemes.com\/sydney-redesign\/?page_id=13"},"modified":"2021-10-27T16:11:29","modified_gmt":"2021-10-27T16:11:29","slug":"home","status":"publish","type":"page","link":"https:\/\/cadecra.org.ar\/en\/","title":{"rendered":"Home"},"content":{"rendered":"<div data-elementor-type=\"wp-page\" data-elementor-id=\"13\" class=\"elementor elementor-13\">\n\t\t\t\t\t\t<section class=\"elementor-section elementor-top-section elementor-element elementor-element-0232e55 elementor-section-height-min-height elementor-section-boxed elementor-section-height-default elementor-section-items-middle\" data-id=\"0232e55\" data-element_type=\"section\" data-e-type=\"section\" data-settings=\"{&quot;background_background&quot;:&quot;classic&quot;,&quot;shape_divider_bottom&quot;:&quot;opacity-tilt&quot;}\">\n\t\t\t\t\t\t\t<div class=\"elementor-background-overlay\"><\/div>\n\t\t\t\t\t\t<div class=\"elementor-shape elementor-shape-bottom\" aria-hidden=\"true\" data-negative=\"false\">\n\t\t\t<svg xmlns=\"http:\/\/www.w3.org\/2000\/svg\" viewbox=\"0 0 2600 131.1\" preserveaspectratio=\"none\">\n\t<path class=\"elementor-shape-fill\" d=\"M0 0L2600 0 2600 69.1 0 0z\"\/>\n\t<path class=\"elementor-shape-fill\" style=\"opacity:0.5\" d=\"M0 0L2600 0 2600 69.1 0 69.1z\"\/>\n\t<path class=\"elementor-shape-fill\" style=\"opacity:0.25\" d=\"M2600 0L0 0 0 130.1 2600 69.1z\"\/>\n<\/svg>\t\t<\/div>\n\t\t\t\t\t<div class=\"elementor-container elementor-column-gap-default\">\n\t\t\t\t\t<div class=\"elementor-column elementor-col-100 elementor-top-column elementor-element elementor-element-2253cb9\" data-id=\"2253cb9\" data-element_type=\"column\" data-e-type=\"column\">\n\t\t\t<div class=\"elementor-widget-wrap elementor-element-populated\">\n\t\t\t\t\t\t<div class=\"elementor-element elementor-element-bc872f5 elementor-widget elementor-widget-heading\" data-id=\"bc872f5\" data-element_type=\"widget\" data-e-type=\"widget\" data-widget_type=\"heading.default\">\n\t\t\t\t<div class=\"elementor-widget-container\">\n\t\t\t\t\t<h1 class=\"elementor-heading-title elementor-size-default\">Welcome<\/h1>\t\t\t\t<\/div>\n\t\t\t\t<\/div>\n\t\t\t\t<div class=\"elementor-element elementor-element-e06ad61 elementor-widget-divider--view-line elementor-widget elementor-widget-divider\" data-id=\"e06ad61\" data-element_type=\"widget\" data-e-type=\"widget\" data-widget_type=\"divider.default\">\n\t\t\t\t<div class=\"elementor-widget-container\">\n\t\t\t\t\t\t\t<div class=\"elementor-divider\">\n\t\t\t<span class=\"elementor-divider-separator\">\n\t\t\t\t\t\t<\/span>\n\t\t<\/div>\n\t\t\t\t\t\t<\/div>\n\t\t\t\t<\/div>\n\t\t\t\t<div class=\"elementor-element elementor-element-559fd65 elementor-widget elementor-widget-heading\" data-id=\"559fd65\" data-element_type=\"widget\" data-e-type=\"widget\" data-widget_type=\"heading.default\">\n\t\t\t\t<div class=\"elementor-widget-container\">\n\t\t\t\t\t<h2 class=\"elementor-heading-title elementor-size-default\">Chamber of the inspection companies of Argentine Republic<\/h2>\t\t\t\t<\/div>\n\t\t\t\t<\/div>\n\t\t\t\t\t<\/div>\n\t\t<\/div>\n\t\t\t\t\t<\/div>\n\t\t<\/section>\n\t\t\t\t<section class=\"elementor-section elementor-top-section elementor-element elementor-element-0d3f2d2 elementor-section-boxed elementor-section-height-default elementor-section-height-default\" data-id=\"0d3f2d2\" data-element_type=\"section\" data-e-type=\"section\" data-settings=\"{&quot;background_background&quot;:&quot;classic&quot;}\">\n\t\t\t\t\t\t<div class=\"elementor-container elementor-column-gap-default\">\n\t\t\t\t\t<div class=\"elementor-column elementor-col-100 elementor-top-column elementor-element elementor-element-42b18e8\" data-id=\"42b18e8\" data-element_type=\"column\" data-e-type=\"column\">\n\t\t\t<div class=\"elementor-widget-wrap elementor-element-populated\">\n\t\t\t\t\t\t<div class=\"elementor-element elementor-element-96df2bb elementor-widget elementor-widget-heading\" data-id=\"96df2bb\" data-element_type=\"widget\" data-e-type=\"widget\" data-widget_type=\"heading.default\">\n\t\t\t\t<div class=\"elementor-widget-container\">\n\t\t\t\t\t<p class=\"elementor-heading-title elementor-size-medium\">Non-profit Civil Association with the objective of promoting the foundation, organization and implementation of projects, whether in matters of economic, scientific, technological or cultural nature among interested actors.<\/p>\t\t\t\t<\/div>\n\t\t\t\t<\/div>\n\t\t\t\t\t<\/div>\n\t\t<\/div>\n\t\t\t\t\t<\/div>\n\t\t<\/section>\n\t\t\t\t<section class=\"elementor-section elementor-top-section elementor-element elementor-element-bb883c1 elementor-section-stretched elementor-section-height-min-height elementor-section-content-middle elementor-section-boxed elementor-section-height-default elementor-section-items-middle\" data-id=\"bb883c1\" data-element_type=\"section\" data-e-type=\"section\" data-settings=\"{&quot;stretch_section&quot;:&quot;section-stretched&quot;,&quot;background_background&quot;:&quot;classic&quot;,&quot;shape_divider_top&quot;:&quot;opacity-tilt&quot;,&quot;shape_divider_bottom&quot;:&quot;opacity-tilt&quot;}\">\n\t\t\t\t\t\t\t<div class=\"elementor-background-overlay\"><\/div>\n\t\t\t\t\t\t<div class=\"elementor-shape elementor-shape-top\" aria-hidden=\"true\" data-negative=\"false\">\n\t\t\t<svg xmlns=\"http:\/\/www.w3.org\/2000\/svg\" viewbox=\"0 0 2600 131.1\" preserveaspectratio=\"none\">\n\t<path class=\"elementor-shape-fill\" d=\"M0 0L2600 0 2600 69.1 0 0z\"\/>\n\t<path class=\"elementor-shape-fill\" style=\"opacity:0.5\" d=\"M0 0L2600 0 2600 69.1 0 69.1z\"\/>\n\t<path class=\"elementor-shape-fill\" style=\"opacity:0.25\" d=\"M2600 0L0 0 0 130.1 2600 69.1z\"\/>\n<\/svg>\t\t<\/div>\n\t\t\t\t<div class=\"elementor-shape elementor-shape-bottom\" aria-hidden=\"true\" data-negative=\"false\">\n\t\t\t<svg xmlns=\"http:\/\/www.w3.org\/2000\/svg\" viewbox=\"0 0 2600 131.1\" preserveaspectratio=\"none\">\n\t<path class=\"elementor-shape-fill\" d=\"M0 0L2600 0 2600 69.1 0 0z\"\/>\n\t<path class=\"elementor-shape-fill\" style=\"opacity:0.5\" d=\"M0 0L2600 0 2600 69.1 0 69.1z\"\/>\n\t<path class=\"elementor-shape-fill\" style=\"opacity:0.25\" d=\"M2600 0L0 0 0 130.1 2600 69.1z\"\/>\n<\/svg>\t\t<\/div>\n\t\t\t\t\t<div class=\"elementor-container elementor-column-gap-default\">\n\t\t\t\t\t<div class=\"elementor-column elementor-col-33 elementor-top-column elementor-element elementor-element-3b93627\" data-id=\"3b93627\" data-element_type=\"column\" data-e-type=\"column\">\n\t\t\t<div class=\"elementor-widget-wrap elementor-element-populated\">\n\t\t\t\t\t\t<div class=\"elementor-element elementor-element-cbe8ee7 elementor-widget__width-initial elementor-view-default elementor-widget elementor-widget-icon\" data-id=\"cbe8ee7\" data-element_type=\"widget\" data-e-type=\"widget\" data-widget_type=\"icon.default\">\n\t\t\t\t<div class=\"elementor-widget-container\">\n\t\t\t\t\t\t\t<div class=\"elementor-icon-wrapper\">\n\t\t\t<div class=\"elementor-icon\">\n\t\t\t<i aria-hidden=\"true\" class=\"fas fa-building\"><\/i>\t\t\t<\/div>\n\t\t<\/div>\n\t\t\t\t\t\t<\/div>\n\t\t\t\t<\/div>\n\t\t\t\t<div class=\"elementor-element elementor-element-8d3c559 contador elementor-widget__width-initial elementor-widget elementor-widget-counter\" data-id=\"8d3c559\" data-element_type=\"widget\" data-e-type=\"widget\" data-widget_type=\"counter.default\">\n\t\t\t\t<div class=\"elementor-widget-container\">\n\t\t\t\t\t\t\t<div class=\"elementor-counter\">\n\t\t\t<div class=\"elementor-counter-title\">Associated companies<\/div>\t\t\t<div class=\"elementor-counter-number-wrapper\">\n\t\t\t\t<span class=\"elementor-counter-number-prefix\"><\/span>\n\t\t\t\t<span class=\"elementor-counter-number\" data-duration=\"2000\" data-to-value=\"15\" data-from-value=\"0\" data-delimiter=\",\">0<\/span>\n\t\t\t\t<span class=\"elementor-counter-number-suffix\"><\/span>\n\t\t\t<\/div>\n\t\t<\/div>\n\t\t\t\t\t\t<\/div>\n\t\t\t\t<\/div>\n\t\t\t\t\t<\/div>\n\t\t<\/div>\n\t\t\t\t<div class=\"elementor-column elementor-col-33 elementor-top-column elementor-element elementor-element-4782d82\" data-id=\"4782d82\" data-element_type=\"column\" data-e-type=\"column\">\n\t\t\t<div class=\"elementor-widget-wrap elementor-element-populated\">\n\t\t\t\t\t\t<div class=\"elementor-element elementor-element-70745e9 elementor-widget__width-initial elementor-view-default elementor-widget elementor-widget-icon\" data-id=\"70745e9\" data-element_type=\"widget\" data-e-type=\"widget\" data-widget_type=\"icon.default\">\n\t\t\t\t<div class=\"elementor-widget-container\">\n\t\t\t\t\t\t\t<div class=\"elementor-icon-wrapper\">\n\t\t\t<div class=\"elementor-icon\">\n\t\t\t<i aria-hidden=\"true\" class=\"fas fa-clock\"><\/i>\t\t\t<\/div>\n\t\t<\/div>\n\t\t\t\t\t\t<\/div>\n\t\t\t\t<\/div>\n\t\t\t\t<div class=\"elementor-element elementor-element-764e388 contador elementor-widget__width-initial elementor-widget elementor-widget-counter\" data-id=\"764e388\" data-element_type=\"widget\" data-e-type=\"widget\" data-widget_type=\"counter.default\">\n\t\t\t\t<div class=\"elementor-widget-container\">\n\t\t\t\t\t\t\t<div class=\"elementor-counter\">\n\t\t\t<div class=\"elementor-counter-title\">Current years<\/div>\t\t\t<div class=\"elementor-counter-number-wrapper\">\n\t\t\t\t<span class=\"elementor-counter-number-prefix\"><\/span>\n\t\t\t\t<span class=\"elementor-counter-number\" data-duration=\"2000\" data-to-value=\"14\" data-from-value=\"0\" data-delimiter=\",\">0<\/span>\n\t\t\t\t<span class=\"elementor-counter-number-suffix\"><\/span>\n\t\t\t<\/div>\n\t\t<\/div>\n\t\t\t\t\t\t<\/div>\n\t\t\t\t<\/div>\n\t\t\t\t\t<\/div>\n\t\t<\/div>\n\t\t\t\t<div class=\"elementor-column elementor-col-33 elementor-top-column elementor-element elementor-element-e85a8bf\" data-id=\"e85a8bf\" data-element_type=\"column\" data-e-type=\"column\">\n\t\t\t<div class=\"elementor-widget-wrap elementor-element-populated\">\n\t\t\t\t\t\t<div class=\"elementor-element elementor-element-8d75bf3 elementor-widget__width-initial elementor-view-default elementor-widget elementor-widget-icon\" data-id=\"8d75bf3\" data-element_type=\"widget\" data-e-type=\"widget\" data-widget_type=\"icon.default\">\n\t\t\t\t<div class=\"elementor-widget-container\">\n\t\t\t\t\t\t\t<div class=\"elementor-icon-wrapper\">\n\t\t\t<div class=\"elementor-icon\">\n\t\t\t<i aria-hidden=\"true\" class=\"fas fa-check-circle\"><\/i>\t\t\t<\/div>\n\t\t<\/div>\n\t\t\t\t\t\t<\/div>\n\t\t\t\t<\/div>\n\t\t\t\t<div class=\"elementor-element elementor-element-0d36dad contador elementor-widget__width-initial elementor-widget elementor-widget-counter\" data-id=\"0d36dad\" data-element_type=\"widget\" data-e-type=\"widget\" data-widget_type=\"counter.default\">\n\t\t\t\t<div class=\"elementor-widget-container\">\n\t\t\t\t\t\t\t<div class=\"elementor-counter\">\n\t\t\t<div class=\"elementor-counter-title\">Controls<\/div>\t\t\t<div class=\"elementor-counter-number-wrapper\">\n\t\t\t\t<span class=\"elementor-counter-number-prefix\">+<\/span>\n\t\t\t\t<span class=\"elementor-counter-number\" data-duration=\"2000\" data-to-value=\"10000\" data-from-value=\"0\">0<\/span>\n\t\t\t\t<span class=\"elementor-counter-number-suffix\"><\/span>\n\t\t\t<\/div>\n\t\t<\/div>\n\t\t\t\t\t\t<\/div>\n\t\t\t\t<\/div>\n\t\t\t\t\t<\/div>\n\t\t<\/div>\n\t\t\t\t\t<\/div>\n\t\t<\/section>\n\t\t\t\t<section class=\"elementor-section elementor-top-section elementor-element elementor-element-9676f06 elementor-section-boxed elementor-section-height-default elementor-section-height-default\" data-id=\"9676f06\" data-element_type=\"section\" data-e-type=\"section\" data-settings=\"{&quot;shape_divider_bottom&quot;:&quot;opacity-tilt&quot;}\">\n\t\t\t\t\t<div class=\"elementor-shape elementor-shape-bottom\" aria-hidden=\"true\" data-negative=\"false\">\n\t\t\t<svg xmlns=\"http:\/\/www.w3.org\/2000\/svg\" viewbox=\"0 0 2600 131.1\" preserveaspectratio=\"none\">\n\t<path class=\"elementor-shape-fill\" d=\"M0 0L2600 0 2600 69.1 0 0z\"\/>\n\t<path class=\"elementor-shape-fill\" style=\"opacity:0.5\" d=\"M0 0L2600 0 2600 69.1 0 69.1z\"\/>\n\t<path class=\"elementor-shape-fill\" style=\"opacity:0.25\" d=\"M2600 0L0 0 0 130.1 2600 69.1z\"\/>\n<\/svg>\t\t<\/div>\n\t\t\t\t\t<div class=\"elementor-container elementor-column-gap-default\">\n\t\t\t\t\t<div class=\"elementor-column elementor-col-50 elementor-top-column elementor-element elementor-element-d239875\" data-id=\"d239875\" data-element_type=\"column\" data-e-type=\"column\">\n\t\t\t<div class=\"elementor-widget-wrap elementor-element-populated\">\n\t\t\t\t\t\t<div class=\"elementor-element elementor-element-c59f657 elementor-widget elementor-widget-heading\" data-id=\"c59f657\" data-element_type=\"widget\" data-e-type=\"widget\" data-widget_type=\"heading.default\">\n\t\t\t\t<div class=\"elementor-widget-container\">\n\t\t\t\t\t<p class=\"elementor-heading-title elementor-size-medium\">Our <b>associated companies<\/b> are linked to the control, inspection, advice and verification of cargoes, containers, vessels, installations and equipment in sound or damaged condition, inside and outside the country's port facilities.<\/p>\t\t\t\t<\/div>\n\t\t\t\t<\/div>\n\t\t\t\t\t<\/div>\n\t\t<\/div>\n\t\t\t\t<div class=\"elementor-column elementor-col-50 elementor-top-column elementor-element elementor-element-5a9ab83\" data-id=\"5a9ab83\" data-element_type=\"column\" data-e-type=\"column\">\n\t\t\t<div class=\"elementor-widget-wrap elementor-element-populated\">\n\t\t\t\t\t\t<div class=\"elementor-element elementor-element-ef96e3c elementor-widget elementor-widget-image\" data-id=\"ef96e3c\" data-element_type=\"widget\" data-e-type=\"widget\" data-widget_type=\"image.default\">\n\t\t\t\t<div class=\"elementor-widget-container\">\n\t\t\t\t\t\t\t\t\t\t\t\t\t\t\t<img fetchpriority=\"high\" decoding=\"async\" width=\"890\" height=\"627\" src=\"http:\/\/cadecra.org.ar\/wp-content\/uploads\/2021\/09\/gratis-png-gestion-de-proyectos-control-de-calidad-ingenieria-gestion-de-calidad-trabajadores-industriales-e-ingenieros.png\" class=\"attachment-large size-large wp-image-1225\" alt=\"dos hombres con chaleco verde de espalda mirando a una empresa\" srcset=\"http:\/\/cadecra.org.ar\/wp-content\/uploads\/2021\/09\/gratis-png-gestion-de-proyectos-control-de-calidad-ingenieria-gestion-de-calidad-trabajadores-industriales-e-ingenieros.png 890w, http:\/\/cadecra.org.ar\/wp-content\/uploads\/2021\/09\/gratis-png-gestion-de-proyectos-control-de-calidad-ingenieria-gestion-de-calidad-trabajadores-industriales-e-ingenieros-300x211.png 300w, http:\/\/cadecra.org.ar\/wp-content\/uploads\/2021\/09\/gratis-png-gestion-de-proyectos-control-de-calidad-ingenieria-gestion-de-calidad-trabajadores-industriales-e-ingenieros-768x541.png 768w, http:\/\/cadecra.org.ar\/wp-content\/uploads\/2021\/09\/gratis-png-gestion-de-proyectos-control-de-calidad-ingenieria-gestion-de-calidad-trabajadores-industriales-e-ingenieros-230x162.png 230w, http:\/\/cadecra.org.ar\/wp-content\/uploads\/2021\/09\/gratis-png-gestion-de-proyectos-control-de-calidad-ingenieria-gestion-de-calidad-trabajadores-industriales-e-ingenieros-350x247.png 350w, http:\/\/cadecra.org.ar\/wp-content\/uploads\/2021\/09\/gratis-png-gestion-de-proyectos-control-de-calidad-ingenieria-gestion-de-calidad-trabajadores-industriales-e-ingenieros-480x338.png 480w\" sizes=\"(max-width: 890px) 100vw, 890px\" \/>\t\t\t\t\t\t\t\t\t\t\t\t\t\t\t<\/div>\n\t\t\t\t<\/div>\n\t\t\t\t\t<\/div>\n\t\t<\/div>\n\t\t\t\t\t<\/div>\n\t\t<\/section>\n\t\t\t\t<\/div>","protected":false},"excerpt":{"rendered":"<p>Bienvenidos C\u00c1MARA DE EMPRESAS DE CONTROL DE LA REP\u00daBLICA ARGENTINA Somos una [&hellip;]<\/p>\n","protected":false},"author":1,"featured_media":0,"parent":0,"menu_order":0,"comment_status":"closed","ping_status":"closed","template":"page-templates\/page_front-page.php","meta":{"footnotes":""},"class_list":["post-13","page","type-page","status-publish","hentry"],"yoast_head":"<!-- This site is optimized with the Yoast SEO plugin v27.4 - https:\/\/yoast.com\/product\/yoast-seo-wordpress\/ -->\n<title>C\u00e1mara de empresas de control de Argentina - Inicio - CADECRA<\/title>\n<meta name=\"description\" content=\"En la c\u00e1mara de empresas de control somos una Asociaci\u00f3n Civil sin fines de lucro. Tenemos como objetivo fomentar proyectos\" \/>\n<meta name=\"robots\" content=\"index, follow, max-snippet:-1, max-image-preview:large, max-video-preview:-1\" \/>\n<link rel=\"canonical\" href=\"http:\/\/cadecra.org.ar\/en\/\" \/>\n<meta property=\"og:locale\" content=\"en_US\" \/>\n<meta property=\"og:type\" content=\"article\" \/>\n<meta property=\"og:title\" content=\"C\u00e1mara de empresas de control de Argentina - Inicio - CADECRA\" \/>\n<meta property=\"og:description\" content=\"En la c\u00e1mara de empresas de control somos una Asociaci\u00f3n Civil sin fines de lucro. Tenemos como objetivo fomentar proyectos\" \/>\n<meta property=\"og:url\" content=\"http:\/\/cadecra.org.ar\/en\/\" \/>\n<meta property=\"og:site_name\" content=\"CADECRA\" \/>\n<meta property=\"article:modified_time\" content=\"2021-10-27T16:11:29+00:00\" \/>\n<meta property=\"og:image\" content=\"http:\/\/cadecra.org.ar\/wp-content\/uploads\/2021\/09\/gratis-png-gestion-de-proyectos-control-de-calidad-ingenieria-gestion-de-calidad-trabajadores-industriales-e-ingenieros.png\" \/>\n<meta name=\"twitter:card\" content=\"summary_large_image\" \/>\n<meta name=\"twitter:label1\" content=\"Est. reading time\" \/>\n\t<meta name=\"twitter:data1\" content=\"1 minute\" \/>\n<script type=\"application\/ld+json\" class=\"yoast-schema-graph\">{\"@context\":\"https:\\\/\\\/schema.org\",\"@graph\":[{\"@type\":\"WebPage\",\"@id\":\"http:\\\/\\\/cadecra.org.ar\\\/\",\"url\":\"http:\\\/\\\/cadecra.org.ar\\\/\",\"name\":\"C\u00e1mara de empresas de control de Argentina - Inicio - CADECRA\",\"isPartOf\":{\"@id\":\"http:\\\/\\\/cadecra.org.ar\\\/#website\"},\"primaryImageOfPage\":{\"@id\":\"http:\\\/\\\/cadecra.org.ar\\\/#primaryimage\"},\"image\":{\"@id\":\"http:\\\/\\\/cadecra.org.ar\\\/#primaryimage\"},\"thumbnailUrl\":\"http:\\\/\\\/cadecra.org.ar\\\/wp-content\\\/uploads\\\/2021\\\/09\\\/gratis-png-gestion-de-proyectos-control-de-calidad-ingenieria-gestion-de-calidad-trabajadores-industriales-e-ingenieros.png\",\"datePublished\":\"2019-10-25T09:50:44+00:00\",\"dateModified\":\"2021-10-27T16:11:29+00:00\",\"description\":\"En la c\u00e1mara de empresas de control somos una Asociaci\u00f3n Civil sin fines de lucro. Tenemos como objetivo fomentar proyectos\",\"breadcrumb\":{\"@id\":\"http:\\\/\\\/cadecra.org.ar\\\/#breadcrumb\"},\"inLanguage\":\"en-US\",\"potentialAction\":[{\"@type\":\"ReadAction\",\"target\":[\"http:\\\/\\\/cadecra.org.ar\\\/\"]}]},{\"@type\":\"ImageObject\",\"inLanguage\":\"en-US\",\"@id\":\"http:\\\/\\\/cadecra.org.ar\\\/#primaryimage\",\"url\":\"http:\\\/\\\/cadecra.org.ar\\\/wp-content\\\/uploads\\\/2021\\\/09\\\/gratis-png-gestion-de-proyectos-control-de-calidad-ingenieria-gestion-de-calidad-trabajadores-industriales-e-ingenieros.png\",\"contentUrl\":\"http:\\\/\\\/cadecra.org.ar\\\/wp-content\\\/uploads\\\/2021\\\/09\\\/gratis-png-gestion-de-proyectos-control-de-calidad-ingenieria-gestion-de-calidad-trabajadores-industriales-e-ingenieros.png\"},{\"@type\":\"BreadcrumbList\",\"@id\":\"http:\\\/\\\/cadecra.org.ar\\\/#breadcrumb\",\"itemListElement\":[{\"@type\":\"ListItem\",\"position\":1,\"name\":\"Portada\",\"item\":\"http:\\\/\\\/cadecra.org.ar\\\/\"},{\"@type\":\"ListItem\",\"position\":2,\"name\":\"Inicio\"}]},{\"@type\":\"WebSite\",\"@id\":\"http:\\\/\\\/cadecra.org.ar\\\/#website\",\"url\":\"http:\\\/\\\/cadecra.org.ar\\\/\",\"name\":\"CADECRA\",\"description\":\"C\u00e1mara de Empresas de Control de la Rep\u00fablica Argentina\",\"potentialAction\":[{\"@type\":\"SearchAction\",\"target\":{\"@type\":\"EntryPoint\",\"urlTemplate\":\"http:\\\/\\\/cadecra.org.ar\\\/?s={search_term_string}\"},\"query-input\":{\"@type\":\"PropertyValueSpecification\",\"valueRequired\":true,\"valueName\":\"search_term_string\"}}],\"inLanguage\":\"en-US\"}]}<\/script>\n<!-- \/ Yoast SEO plugin. -->","yoast_head_json":{"title":"C\u00e1mara de empresas de control de Argentina - Inicio - CADECRA","description":"En la c\u00e1mara de empresas de control somos una Asociaci\u00f3n Civil sin fines de lucro. Tenemos como objetivo fomentar proyectos","robots":{"index":"index","follow":"follow","max-snippet":"max-snippet:-1","max-image-preview":"max-image-preview:large","max-video-preview":"max-video-preview:-1"},"canonical":"http:\/\/cadecra.org.ar\/en\/","og_locale":"en_US","og_type":"article","og_title":"C\u00e1mara de empresas de control de Argentina - Inicio - CADECRA","og_description":"En la c\u00e1mara de empresas de control somos una Asociaci\u00f3n Civil sin fines de lucro. Tenemos como objetivo fomentar proyectos","og_url":"http:\/\/cadecra.org.ar\/en\/","og_site_name":"CADECRA","article_modified_time":"2021-10-27T16:11:29+00:00","og_image":[{"url":"http:\/\/cadecra.org.ar\/wp-content\/uploads\/2021\/09\/gratis-png-gestion-de-proyectos-control-de-calidad-ingenieria-gestion-de-calidad-trabajadores-industriales-e-ingenieros.png","type":"","width":"","height":""}],"twitter_card":"summary_large_image","twitter_misc":{"Est. reading time":"1 minute"},"schema":{"@context":"https:\/\/schema.org","@graph":[{"@type":"WebPage","@id":"http:\/\/cadecra.org.ar\/","url":"http:\/\/cadecra.org.ar\/","name":"C\u00e1mara de empresas de control de Argentina - Inicio - CADECRA","isPartOf":{"@id":"http:\/\/cadecra.org.ar\/#website"},"primaryImageOfPage":{"@id":"http:\/\/cadecra.org.ar\/#primaryimage"},"image":{"@id":"http:\/\/cadecra.org.ar\/#primaryimage"},"thumbnailUrl":"http:\/\/cadecra.org.ar\/wp-content\/uploads\/2021\/09\/gratis-png-gestion-de-proyectos-control-de-calidad-ingenieria-gestion-de-calidad-trabajadores-industriales-e-ingenieros.png","datePublished":"2019-10-25T09:50:44+00:00","dateModified":"2021-10-27T16:11:29+00:00","description":"En la c\u00e1mara de empresas de control somos una Asociaci\u00f3n Civil sin fines de lucro. Tenemos como objetivo fomentar proyectos","breadcrumb":{"@id":"http:\/\/cadecra.org.ar\/#breadcrumb"},"inLanguage":"en-US","potentialAction":[{"@type":"ReadAction","target":["http:\/\/cadecra.org.ar\/"]}]},{"@type":"ImageObject","inLanguage":"en-US","@id":"http:\/\/cadecra.org.ar\/#primaryimage","url":"http:\/\/cadecra.org.ar\/wp-content\/uploads\/2021\/09\/gratis-png-gestion-de-proyectos-control-de-calidad-ingenieria-gestion-de-calidad-trabajadores-industriales-e-ingenieros.png","contentUrl":"http:\/\/cadecra.org.ar\/wp-content\/uploads\/2021\/09\/gratis-png-gestion-de-proyectos-control-de-calidad-ingenieria-gestion-de-calidad-trabajadores-industriales-e-ingenieros.png"},{"@type":"BreadcrumbList","@id":"http:\/\/cadecra.org.ar\/#breadcrumb","itemListElement":[{"@type":"ListItem","position":1,"name":"Portada","item":"http:\/\/cadecra.org.ar\/"},{"@type":"ListItem","position":2,"name":"Inicio"}]},{"@type":"WebSite","@id":"http:\/\/cadecra.org.ar\/#website","url":"http:\/\/cadecra.org.ar\/","name":"CADECRA","description":"C\u00e1mara de Empresas de Control de la Rep\u00fablica Argentina","potentialAction":[{"@type":"SearchAction","target":{"@type":"EntryPoint","urlTemplate":"http:\/\/cadecra.org.ar\/?s={search_term_string}"},"query-input":{"@type":"PropertyValueSpecification","valueRequired":true,"valueName":"search_term_string"}}],"inLanguage":"en-US"}]}},"_links":{"self":[{"href":"https:\/\/cadecra.org.ar\/en\/wp-json\/wp\/v2\/pages\/13","targetHints":{"allow":["GET"]}}],"collection":[{"href":"https:\/\/cadecra.org.ar\/en\/wp-json\/wp\/v2\/pages"}],"about":[{"href":"https:\/\/cadecra.org.ar\/en\/wp-json\/wp\/v2\/types\/page"}],"author":[{"embeddable":true,"href":"https:\/\/cadecra.org.ar\/en\/wp-json\/wp\/v2\/users\/1"}],"replies":[{"embeddable":true,"href":"https:\/\/cadecra.org.ar\/en\/wp-json\/wp\/v2\/comments?post=13"}],"version-history":[{"count":153,"href":"https:\/\/cadecra.org.ar\/en\/wp-json\/wp\/v2\/pages\/13\/revisions"}],"predecessor-version":[{"id":1862,"href":"https:\/\/cadecra.org.ar\/en\/wp-json\/wp\/v2\/pages\/13\/revisions\/1862"}],"wp:attachment":[{"href":"https:\/\/cadecra.org.ar\/en\/wp-json\/wp\/v2\/media?parent=13"}],"curies":[{"name":"wp","href":"https:\/\/api.w.org\/{rel}","templated":true}]}}