{"id":877,"date":"2021-09-21T17:04:29","date_gmt":"2021-09-21T17:04:29","guid":{"rendered":"http:\/\/cadecra.org.ar\/?page_id=877"},"modified":"2021-09-29T19:01:39","modified_gmt":"2021-09-29T19:01:39","slug":"estatuto","status":"publish","type":"page","link":"https:\/\/cadecra.org.ar\/en\/estatuto\/","title":{"rendered":"Statute"},"content":{"rendered":"<div data-elementor-type=\"wp-page\" data-elementor-id=\"877\" class=\"elementor elementor-877\">\n\t\t\t\t\t\t<section class=\"elementor-section elementor-top-section elementor-element elementor-element-0d3f2d2 elementor-section-boxed elementor-section-height-default elementor-section-height-default\" data-id=\"0d3f2d2\" data-element_type=\"section\" data-e-type=\"section\" data-settings=\"{&quot;background_background&quot;:&quot;classic&quot;}\">\n\t\t\t\t\t\t<div class=\"elementor-container elementor-column-gap-default\">\n\t\t\t\t\t<div class=\"elementor-column elementor-col-100 elementor-top-column elementor-element elementor-element-42b18e8\" data-id=\"42b18e8\" data-element_type=\"column\" data-e-type=\"column\">\n\t\t\t<div class=\"elementor-widget-wrap elementor-element-populated\">\n\t\t\t\t\t\t<div class=\"elementor-element elementor-element-9239e25 elementor-widget elementor-widget-heading\" data-id=\"9239e25\" data-element_type=\"widget\" data-e-type=\"widget\" data-widget_type=\"heading.default\">\n\t\t\t\t<div class=\"elementor-widget-container\">\n\t\t\t\t\t<h1 class=\"elementor-heading-title elementor-size-default\">Statute<\/h1>\t\t\t\t<\/div>\n\t\t\t\t<\/div>\n\t\t\t\t<section class=\"elementor-section elementor-inner-section elementor-element elementor-element-9853acf elementor-section-boxed elementor-section-height-default elementor-section-height-default\" data-id=\"9853acf\" data-element_type=\"section\" data-e-type=\"section\">\n\t\t\t\t\t\t<div class=\"elementor-container elementor-column-gap-default\">\n\t\t\t\t\t<div class=\"elementor-column elementor-col-100 elementor-inner-column elementor-element elementor-element-d193117\" data-id=\"d193117\" data-element_type=\"column\" data-e-type=\"column\">\n\t\t\t<div class=\"elementor-widget-wrap elementor-element-populated\">\n\t\t\t\t\t\t<div class=\"elementor-element elementor-element-25e461f elementor-widget elementor-widget-heading\" data-id=\"25e461f\" data-element_type=\"widget\" data-e-type=\"widget\" data-widget_type=\"heading.default\">\n\t\t\t\t<div class=\"elementor-widget-container\">\n\t\t\t\t\t<h2 class=\"elementor-heading-title elementor-size-default\">Denomination<\/h2>\t\t\t\t<\/div>\n\t\t\t\t<\/div>\n\t\t\t\t<div class=\"elementor-element elementor-element-96df2bb elementor-widget elementor-widget-heading\" data-id=\"96df2bb\" data-element_type=\"widget\" data-e-type=\"widget\" data-widget_type=\"heading.default\">\n\t\t\t\t<div class=\"elementor-widget-container\">\n\t\t\t\t\t<p class=\"elementor-heading-title elementor-size-medium\"><strong>Article 1.-<\/strong> Under the name of \"CADECRA\" CHAMBER OF CONTROL COMPANIES OF THE ARGENTINEAN REPUBLIC<br><br>\n<strong>Article 2.-<\/strong> The purpose of the Chamber (or Association) shall be:<p style=\"margin-bottom:7px\"><\/p><strong>\u2003a)<\/strong> To promote the activity of those companies and\/or institutions engaged in verification, inspection, certification and control, in all its varieties, where the responsibility of witnessing facts corresponding to actions of third parties in the field of commerce is assumed, having as reference technical and\/or regulatory standards or contractual obligations or requirements that bind such third parties.<p style=\"margin-bottom:7px\"><\/p><strong>\u2003b)<\/strong> To promote the hierarchization of the activities described above.<p style=\"margin-bottom:7px\"><\/p><strong>\u2003c)<\/strong> To represent its associates before the authorities of the country and abroad and before the individuals, supporting the steps of those related to the activity that concerns us.<p style=\"margin-bottom:7px\"><\/p><strong>\u2003d)<\/strong> To promote the improvement of the legal framework that regulates the aforementioned activities, collaborating with the authorities for the improvement of the respective laws.<p style=\"margin-bottom:7px\"><\/p><strong>\u2003e)<\/strong> To promote and disseminate the importance of quality, with the purpose of improving the competitiveness and reliability of the products and services of Argentina.<p style=\"margin-bottom:7px\"><\/p><strong>\u2003f)<\/strong> To promote congresses, conferences, seminars, exhibitions, events and publications for the better knowledge and dissemination of the activity mentioned in a).<p style=\"margin-bottom:7px\"><\/p><strong>\u2003g)<\/strong> To promote the exchange of information with public institutions and private organizations related to the activity, both national and foreign, with the purpose of generating stable links with them. <p style=\"margin-bottom:7px\"><\/p><strong>\u2003 h)<\/strong> To constitute and\/or participate in associations, foundations, NGOs, academic institutions and any other legal entity of any kind, whenever the objective is contained in the previous paragraphs.<p style=\"margin-bottom:7px\"><\/p><strong>\u2003i)<\/strong> To avoid unfair practices within the scope of action of the associates, being able to build arbitration tribunals to settle conflicts or collaborate in the resolution of the same:<p style=\"margin-bottom:7px\"><\/p><strong>\u2003\u2003\u20031)<\/strong> Represent its associates in matters of common interest, before the national, provincial and municipal authorities, in order to petition or promote the development of policies that stimulate the improvement of the attributes of products and services of the country or simply to make known the point of view of the entity in defense of the interests of its associates.<p style=\"margin-bottom:7px\"><\/p><strong>\u2003\u2003\u20032)<\/strong> To provide its associates, free of charge, with technical and professional advice on the problems of the sector.<p style=\"margin-bottom:7px\"><\/p><strong>\u2003\u2003\u20033)<\/strong> To act as arbitrator, when so requested by its associates, for the purpose of settling disputes that may arise among them.<p style=\"margin-bottom:7px\"><\/p><strong>\u2003\u2003\u20034)<\/strong> To issue, on a non-profit basis, publications (brochures, magazines) or communications (Internet or others) strictly related to the activity of the sector.<p style=\"margin-bottom:7px\"><\/p><strong>\u2003\u2003\u20035)<\/strong> To promote the development of professionals and\/or technicians that make possible a greater efficiency in the tasks included in the activities of the sector.<p style=\"margin-bottom:7px\"><\/p><strong>\u2003\u2003\u20036)<\/strong> To promote the use and to participate in campaigns of diffusion and\/or publicity in order to spread the importance of the activity.<p style=\"margin-bottom:7px\"><\/p><strong>\u2003\u2003\u20037)<\/strong> To constitute arbitration tribunals to settle conflicts, to act as mediators or to collaborate in the solution thereof, with the purpose of avoiding the development of unfair practices within the scope of action of its associates.<p style=\"margin-bottom:7px\"><\/p><strong>\u2003\u2003\u20038)<\/strong> To promote and\/or participate in technical and regulatory studies of any kind, related to the activity of its associates.<p style=\"margin-bottom:7px\"><\/p><strong>\u2003\u2003\u20039)<\/strong> To carry out any type of management or actions that make possible and\/or favor the fulfillment of the purposes of the entity, as long as they do not harm or affect the legitimate interests of its associates.<p style=\"margin-bottom:7px\"><\/p>-All that is expressed in this section is only enunciative and does not limit the capacities and actions that the entity may undertake.-<\/p>\t\t\t\t<\/div>\n\t\t\t\t<\/div>\n\t\t\t\t\t<\/div>\n\t\t<\/div>\n\t\t\t\t\t<\/div>\n\t\t<\/section>\n\t\t\t\t\t<\/div>\n\t\t<\/div>\n\t\t\t\t\t<\/div>\n\t\t<\/section>\n\t\t\t\t<section class=\"elementor-section elementor-top-section elementor-element elementor-element-bb883c1 elementor-section-stretched elementor-section-height-min-height elementor-section-content-middle elementor-section-boxed elementor-section-height-default elementor-section-items-middle\" data-id=\"bb883c1\" data-element_type=\"section\" data-e-type=\"section\" data-settings=\"{&quot;stretch_section&quot;:&quot;section-stretched&quot;,&quot;background_background&quot;:&quot;classic&quot;,&quot;shape_divider_top&quot;:&quot;opacity-tilt&quot;,&quot;shape_divider_bottom&quot;:&quot;opacity-tilt&quot;}\">\n\t\t\t\t\t\t\t<div class=\"elementor-background-overlay\"><\/div>\n\t\t\t\t\t\t<div class=\"elementor-shape elementor-shape-top\" aria-hidden=\"true\" data-negative=\"false\">\n\t\t\t<svg xmlns=\"http:\/\/www.w3.org\/2000\/svg\" viewbox=\"0 0 2600 131.1\" preserveaspectratio=\"none\">\n\t<path class=\"elementor-shape-fill\" d=\"M0 0L2600 0 2600 69.1 0 0z\"\/>\n\t<path class=\"elementor-shape-fill\" style=\"opacity:0.5\" d=\"M0 0L2600 0 2600 69.1 0 69.1z\"\/>\n\t<path class=\"elementor-shape-fill\" style=\"opacity:0.25\" d=\"M2600 0L0 0 0 130.1 2600 69.1z\"\/>\n<\/svg>\t\t<\/div>\n\t\t\t\t<div class=\"elementor-shape elementor-shape-bottom\" aria-hidden=\"true\" data-negative=\"false\">\n\t\t\t<svg xmlns=\"http:\/\/www.w3.org\/2000\/svg\" viewbox=\"0 0 2600 131.1\" preserveaspectratio=\"none\">\n\t<path class=\"elementor-shape-fill\" d=\"M0 0L2600 0 2600 69.1 0 0z\"\/>\n\t<path class=\"elementor-shape-fill\" style=\"opacity:0.5\" d=\"M0 0L2600 0 2600 69.1 0 69.1z\"\/>\n\t<path class=\"elementor-shape-fill\" style=\"opacity:0.25\" d=\"M2600 0L0 0 0 130.1 2600 69.1z\"\/>\n<\/svg>\t\t<\/div>\n\t\t\t\t\t<div class=\"elementor-container elementor-column-gap-default\">\n\t\t\t\t\t<div class=\"elementor-column elementor-col-50 elementor-top-column elementor-element elementor-element-3b93627\" data-id=\"3b93627\" data-element_type=\"column\" data-e-type=\"column\">\n\t\t\t<div class=\"elementor-widget-wrap\">\n\t\t\t\t\t\t\t<\/div>\n\t\t<\/div>\n\t\t\t\t<div class=\"elementor-column elementor-col-50 elementor-top-column elementor-element elementor-element-d9a9f4e\" data-id=\"d9a9f4e\" data-element_type=\"column\" data-e-type=\"column\">\n\t\t\t<div class=\"elementor-widget-wrap\">\n\t\t\t\t\t\t\t<\/div>\n\t\t<\/div>\n\t\t\t\t\t<\/div>\n\t\t<\/section>\n\t\t\t\t<\/div>","protected":false},"excerpt":{"rendered":"<p>Estatuto Denominaci\u00f3n Art\u00edculo 1.- Con la denominaci\u00f3n de \u201cCADECRA\u201d C\u00c1MARA DE EMPRESAS [&hellip;]<\/p>\n","protected":false},"author":1,"featured_media":0,"parent":0,"menu_order":0,"comment_status":"closed","ping_status":"closed","template":"page-templates\/page_front-page.php","meta":{"footnotes":""},"class_list":["post-877","page","type-page","status-publish","hentry"],"yoast_head":"<!-- This site is optimized with the Yoast SEO plugin v27.4 - https:\/\/yoast.com\/product\/yoast-seo-wordpress\/ -->\n<title>Estatuto - CADECRA<\/title>\n<meta name=\"robots\" content=\"index, follow, max-snippet:-1, max-image-preview:large, max-video-preview:-1\" \/>\n<link rel=\"canonical\" href=\"http:\/\/cadecra.org.ar\/en\/estatuto\/\" \/>\n<meta property=\"og:locale\" content=\"en_US\" \/>\n<meta property=\"og:type\" content=\"article\" \/>\n<meta property=\"og:title\" content=\"Estatuto - CADECRA\" \/>\n<meta property=\"og:description\" content=\"Estatuto Denominaci\u00f3n Art\u00edculo 1.- Con la denominaci\u00f3n de \u201cCADECRA\u201d C\u00c1MARA DE EMPRESAS [&hellip;]\" \/>\n<meta property=\"og:url\" content=\"http:\/\/cadecra.org.ar\/en\/estatuto\/\" \/>\n<meta property=\"og:site_name\" content=\"CADECRA\" \/>\n<meta property=\"article:modified_time\" content=\"2021-09-29T19:01:39+00:00\" \/>\n<meta name=\"twitter:card\" content=\"summary_large_image\" \/>\n<meta name=\"twitter:label1\" content=\"Est. reading time\" \/>\n\t<meta name=\"twitter:data1\" content=\"3 minutes\" \/>\n<script type=\"application\/ld+json\" class=\"yoast-schema-graph\">{\"@context\":\"https:\\\/\\\/schema.org\",\"@graph\":[{\"@type\":\"WebPage\",\"@id\":\"http:\\\/\\\/cadecra.org.ar\\\/estatuto\\\/\",\"url\":\"http:\\\/\\\/cadecra.org.ar\\\/estatuto\\\/\",\"name\":\"Estatuto - CADECRA\",\"isPartOf\":{\"@id\":\"http:\\\/\\\/cadecra.org.ar\\\/#website\"},\"datePublished\":\"2021-09-21T17:04:29+00:00\",\"dateModified\":\"2021-09-29T19:01:39+00:00\",\"breadcrumb\":{\"@id\":\"http:\\\/\\\/cadecra.org.ar\\\/estatuto\\\/#breadcrumb\"},\"inLanguage\":\"en-US\",\"potentialAction\":[{\"@type\":\"ReadAction\",\"target\":[\"http:\\\/\\\/cadecra.org.ar\\\/estatuto\\\/\"]}]},{\"@type\":\"BreadcrumbList\",\"@id\":\"http:\\\/\\\/cadecra.org.ar\\\/estatuto\\\/#breadcrumb\",\"itemListElement\":[{\"@type\":\"ListItem\",\"position\":1,\"name\":\"Portada\",\"item\":\"http:\\\/\\\/cadecra.org.ar\\\/\"},{\"@type\":\"ListItem\",\"position\":2,\"name\":\"Estatuto\"}]},{\"@type\":\"WebSite\",\"@id\":\"http:\\\/\\\/cadecra.org.ar\\\/#website\",\"url\":\"http:\\\/\\\/cadecra.org.ar\\\/\",\"name\":\"CADECRA\",\"description\":\"C\u00e1mara de Empresas de Control de la Rep\u00fablica Argentina\",\"potentialAction\":[{\"@type\":\"SearchAction\",\"target\":{\"@type\":\"EntryPoint\",\"urlTemplate\":\"http:\\\/\\\/cadecra.org.ar\\\/?s={search_term_string}\"},\"query-input\":{\"@type\":\"PropertyValueSpecification\",\"valueRequired\":true,\"valueName\":\"search_term_string\"}}],\"inLanguage\":\"en-US\"}]}<\/script>\n<!-- \/ Yoast SEO plugin. -->","yoast_head_json":{"title":"Estatuto - CADECRA","robots":{"index":"index","follow":"follow","max-snippet":"max-snippet:-1","max-image-preview":"max-image-preview:large","max-video-preview":"max-video-preview:-1"},"canonical":"http:\/\/cadecra.org.ar\/en\/estatuto\/","og_locale":"en_US","og_type":"article","og_title":"Estatuto - CADECRA","og_description":"Estatuto Denominaci\u00f3n Art\u00edculo 1.- Con la denominaci\u00f3n de \u201cCADECRA\u201d C\u00c1MARA DE EMPRESAS [&hellip;]","og_url":"http:\/\/cadecra.org.ar\/en\/estatuto\/","og_site_name":"CADECRA","article_modified_time":"2021-09-29T19:01:39+00:00","twitter_card":"summary_large_image","twitter_misc":{"Est. reading time":"3 minutes"},"schema":{"@context":"https:\/\/schema.org","@graph":[{"@type":"WebPage","@id":"http:\/\/cadecra.org.ar\/estatuto\/","url":"http:\/\/cadecra.org.ar\/estatuto\/","name":"Estatuto - CADECRA","isPartOf":{"@id":"http:\/\/cadecra.org.ar\/#website"},"datePublished":"2021-09-21T17:04:29+00:00","dateModified":"2021-09-29T19:01:39+00:00","breadcrumb":{"@id":"http:\/\/cadecra.org.ar\/estatuto\/#breadcrumb"},"inLanguage":"en-US","potentialAction":[{"@type":"ReadAction","target":["http:\/\/cadecra.org.ar\/estatuto\/"]}]},{"@type":"BreadcrumbList","@id":"http:\/\/cadecra.org.ar\/estatuto\/#breadcrumb","itemListElement":[{"@type":"ListItem","position":1,"name":"Portada","item":"http:\/\/cadecra.org.ar\/"},{"@type":"ListItem","position":2,"name":"Estatuto"}]},{"@type":"WebSite","@id":"http:\/\/cadecra.org.ar\/#website","url":"http:\/\/cadecra.org.ar\/","name":"CADECRA","description":"C\u00e1mara de Empresas de Control de la Rep\u00fablica Argentina","potentialAction":[{"@type":"SearchAction","target":{"@type":"EntryPoint","urlTemplate":"http:\/\/cadecra.org.ar\/?s={search_term_string}"},"query-input":{"@type":"PropertyValueSpecification","valueRequired":true,"valueName":"search_term_string"}}],"inLanguage":"en-US"}]}},"_links":{"self":[{"href":"https:\/\/cadecra.org.ar\/en\/wp-json\/wp\/v2\/pages\/877","targetHints":{"allow":["GET"]}}],"collection":[{"href":"https:\/\/cadecra.org.ar\/en\/wp-json\/wp\/v2\/pages"}],"about":[{"href":"https:\/\/cadecra.org.ar\/en\/wp-json\/wp\/v2\/types\/page"}],"author":[{"embeddable":true,"href":"https:\/\/cadecra.org.ar\/en\/wp-json\/wp\/v2\/users\/1"}],"replies":[{"embeddable":true,"href":"https:\/\/cadecra.org.ar\/en\/wp-json\/wp\/v2\/comments?post=877"}],"version-history":[{"count":37,"href":"https:\/\/cadecra.org.ar\/en\/wp-json\/wp\/v2\/pages\/877\/revisions"}],"predecessor-version":[{"id":1242,"href":"https:\/\/cadecra.org.ar\/en\/wp-json\/wp\/v2\/pages\/877\/revisions\/1242"}],"wp:attachment":[{"href":"https:\/\/cadecra.org.ar\/en\/wp-json\/wp\/v2\/media?parent=877"}],"curies":[{"name":"wp","href":"https:\/\/api.w.org\/{rel}","templated":true}]}}