{"id":910,"date":"2021-09-28T13:20:03","date_gmt":"2021-09-28T13:20:03","guid":{"rendered":"http:\/\/cadecra.org.ar\/?page_id=910"},"modified":"2021-10-28T14:05:19","modified_gmt":"2021-10-28T14:05:19","slug":"comision-directiva","status":"publish","type":"page","link":"https:\/\/cadecra.org.ar\/en\/comision-directiva\/","title":{"rendered":"Directive commission"},"content":{"rendered":"<div data-elementor-type=\"wp-page\" data-elementor-id=\"910\" class=\"elementor elementor-910\">\n\t\t\t\t\t\t<section class=\"elementor-section elementor-top-section elementor-element elementor-element-0d3f2d2 elementor-section-boxed elementor-section-height-default elementor-section-height-default\" data-id=\"0d3f2d2\" data-element_type=\"section\" data-e-type=\"section\" data-settings=\"{&quot;background_background&quot;:&quot;classic&quot;}\">\n\t\t\t\t\t\t<div class=\"elementor-container elementor-column-gap-default\">\n\t\t\t\t\t<div class=\"elementor-column elementor-col-100 elementor-top-column elementor-element elementor-element-42b18e8\" data-id=\"42b18e8\" data-element_type=\"column\" data-e-type=\"column\">\n\t\t\t<div class=\"elementor-widget-wrap elementor-element-populated\">\n\t\t\t\t\t\t<div class=\"elementor-element elementor-element-9239e25 elementor-widget elementor-widget-heading\" data-id=\"9239e25\" data-element_type=\"widget\" data-e-type=\"widget\" data-widget_type=\"heading.default\">\n\t\t\t\t<div class=\"elementor-widget-container\">\n\t\t\t\t\t<h2 class=\"elementor-heading-title elementor-size-default\">Directive commission<\/h2>\t\t\t\t<\/div>\n\t\t\t\t<\/div>\n\t\t\t\t<section class=\"elementor-section elementor-inner-section elementor-element elementor-element-9853acf elementor-section-boxed elementor-section-height-default elementor-section-height-default\" data-id=\"9853acf\" data-element_type=\"section\" data-e-type=\"section\">\n\t\t\t\t\t\t<div class=\"elementor-container elementor-column-gap-default\">\n\t\t\t\t\t<div class=\"elementor-column elementor-col-100 elementor-inner-column elementor-element elementor-element-d193117\" data-id=\"d193117\" data-element_type=\"column\" data-e-type=\"column\">\n\t\t\t<div class=\"elementor-widget-wrap elementor-element-populated\">\n\t\t\t\t\t\t<div class=\"elementor-element elementor-element-e5afb42 eael-team-align-centered elementor-widget elementor-widget-eael-team-member\" data-id=\"e5afb42\" data-element_type=\"widget\" data-e-type=\"widget\" data-widget_type=\"eael-team-member.default\">\n\t\t\t\t<div class=\"elementor-widget-container\">\n\t\t\t\t\t\n\n\t<div id=\"eael-team-member-e5afb42\" class=\"eael-team-item eael-team-members-simple\">\n\t\t<div class=\"eael-team-item-inner\">\n\t\t\t<div class=\"eael-team-image\">\n\t\t\t\t<figure>\n\t\t\t\t\t\t\t\t\t<\/figure>\n\t\t\t\t\n\t\t\t\t\n\t\t\t<\/div>\n\n\t\t\t<div class=\"eael-team-content\">\n\t\t\t\t<h2 class=\"eael-team-member-name\">Gabriel Rodriguez<\/h2><h3 class=\"eael-team-member-position\">President<\/h3>\n\t\t\t\t\t\t\t\t\t\t\t\t\t\t<p class=\"eael-team-text\"><\/p>\n\t\t\t\t\t\t\t<\/div>\n\t\t<\/div>\n\t<\/div>\n\t\t\t\t\t<\/div>\n\t\t\t\t<\/div>\n\t\t\t\t<div class=\"elementor-element elementor-element-776ce55 eael-team-align-centered elementor-widget__width-initial elementor-widget-mobile__width-inherit elementor-widget elementor-widget-eael-team-member\" data-id=\"776ce55\" data-element_type=\"widget\" data-e-type=\"widget\" data-widget_type=\"eael-team-member.default\">\n\t\t\t\t<div class=\"elementor-widget-container\">\n\t\t\t\t\t\n\n\t<div id=\"eael-team-member-776ce55\" class=\"eael-team-item eael-team-members-simple\">\n\t\t<div class=\"eael-team-item-inner\">\n\t\t\t<div class=\"eael-team-image\">\n\t\t\t\t<figure>\n\t\t\t\t\t\t\t\t\t<\/figure>\n\t\t\t\t\n\t\t\t\t\n\t\t\t<\/div>\n\n\t\t\t<div class=\"eael-team-content\">\n\t\t\t\t<h2 class=\"eael-team-member-name\">Sebasti\u00e1n Morrone<\/h2><h3 class=\"eael-team-member-position\">Vice-president<\/h3>\n\t\t\t\t\t\t\t\t\t\t\t\t\t\t<p class=\"eael-team-text\"><\/p>\n\t\t\t\t\t\t\t<\/div>\n\t\t<\/div>\n\t<\/div>\n\t\t\t\t\t<\/div>\n\t\t\t\t<\/div>\n\t\t\t\t<div class=\"elementor-element elementor-element-4b454d1 eael-team-align-centered elementor-widget__width-initial elementor-widget-mobile__width-inherit elementor-widget elementor-widget-eael-team-member\" data-id=\"4b454d1\" data-element_type=\"widget\" data-e-type=\"widget\" data-widget_type=\"eael-team-member.default\">\n\t\t\t\t<div class=\"elementor-widget-container\">\n\t\t\t\t\t\n\n\t<div id=\"eael-team-member-4b454d1\" class=\"eael-team-item eael-team-members-simple\">\n\t\t<div class=\"eael-team-item-inner\">\n\t\t\t<div class=\"eael-team-image\">\n\t\t\t\t<figure>\n\t\t\t\t\t\t\t\t\t<\/figure>\n\t\t\t\t\n\t\t\t\t\n\t\t\t<\/div>\n\n\t\t\t<div class=\"eael-team-content\">\n\t\t\t\t<h2 class=\"eael-team-member-name\">Pablo Thomas<\/h2><h3 class=\"eael-team-member-position\">Vice-president 2<\/h3>\n\t\t\t\t\t\t\t\t\t\t\t\t\t\t<p class=\"eael-team-text\"><\/p>\n\t\t\t\t\t\t\t<\/div>\n\t\t<\/div>\n\t<\/div>\n\t\t\t\t\t<\/div>\n\t\t\t\t<\/div>\n\t\t\t\t<div class=\"elementor-element elementor-element-4ea6446 eael-team-align-centered elementor-widget__width-initial elementor-widget-mobile__width-inherit comision-tres elementor-widget elementor-widget-eael-team-member\" data-id=\"4ea6446\" data-element_type=\"widget\" data-e-type=\"widget\" data-widget_type=\"eael-team-member.default\">\n\t\t\t\t<div class=\"elementor-widget-container\">\n\t\t\t\t\t\n\n\t<div id=\"eael-team-member-4ea6446\" class=\"eael-team-item eael-team-members-simple\">\n\t\t<div class=\"eael-team-item-inner\">\n\t\t\t<div class=\"eael-team-image\">\n\t\t\t\t<figure>\n\t\t\t\t\t\t\t\t\t<\/figure>\n\t\t\t\t\n\t\t\t\t\n\t\t\t<\/div>\n\n\t\t\t<div class=\"eael-team-content\">\n\t\t\t\t<h2 class=\"eael-team-member-name\">Franco Maroni<\/h2><h3 class=\"eael-team-member-position\">Treasurer<\/h3>\n\t\t\t\t\t\t\t\t\t\t\t\t\t\t<p class=\"eael-team-text\"><\/p>\n\t\t\t\t\t\t\t<\/div>\n\t\t<\/div>\n\t<\/div>\n\t\t\t\t\t<\/div>\n\t\t\t\t<\/div>\n\t\t\t\t<div class=\"elementor-element elementor-element-7e0ab62 eael-team-align-centered elementor-widget__width-initial elementor-widget-mobile__width-inherit comision-tres elementor-widget elementor-widget-eael-team-member\" data-id=\"7e0ab62\" data-element_type=\"widget\" data-e-type=\"widget\" data-widget_type=\"eael-team-member.default\">\n\t\t\t\t<div class=\"elementor-widget-container\">\n\t\t\t\t\t\n\n\t<div id=\"eael-team-member-7e0ab62\" class=\"eael-team-item eael-team-members-simple\">\n\t\t<div class=\"eael-team-item-inner\">\n\t\t\t<div class=\"eael-team-image\">\n\t\t\t\t<figure>\n\t\t\t\t\t\t\t\t\t<\/figure>\n\t\t\t\t\n\t\t\t\t\n\t\t\t<\/div>\n\n\t\t\t<div class=\"eael-team-content\">\n\t\t\t\t<h2 class=\"eael-team-member-name\">Marcelo Sanguinetti<\/h2><h3 class=\"eael-team-member-position\">Secretary<\/h3>\n\t\t\t\t\t\t\t\t\t\t\t\t\t\t<p class=\"eael-team-text\"><\/p>\n\t\t\t\t\t\t\t<\/div>\n\t\t<\/div>\n\t<\/div>\n\t\t\t\t\t<\/div>\n\t\t\t\t<\/div>\n\t\t\t\t\t<\/div>\n\t\t<\/div>\n\t\t\t\t\t<\/div>\n\t\t<\/section>\n\t\t\t\t\t<\/div>\n\t\t<\/div>\n\t\t\t\t\t<\/div>\n\t\t<\/section>\n\t\t\t\t<section class=\"elementor-section elementor-top-section elementor-element elementor-element-9676f06 elementor-section-boxed elementor-section-height-default elementor-section-height-default\" data-id=\"9676f06\" data-element_type=\"section\" data-e-type=\"section\">\n\t\t\t\t\t\t<div class=\"elementor-container elementor-column-gap-default\">\n\t\t\t\t\t<div class=\"elementor-column elementor-col-100 elementor-top-column elementor-element elementor-element-d239875\" data-id=\"d239875\" data-element_type=\"column\" data-e-type=\"column\">\n\t\t\t<div class=\"elementor-widget-wrap elementor-element-populated\">\n\t\t\t\t\t\t<div class=\"elementor-element elementor-element-3c2a83d elementor-widget elementor-widget-eael-adv-tabs\" data-id=\"3c2a83d\" data-element_type=\"widget\" data-e-type=\"widget\" data-widget_type=\"eael-adv-tabs.default\">\n\t\t\t\t<div class=\"elementor-widget-container\">\n\t\t\t\t\t        <div data-scroll-on-click=\"no\" data-scroll-speed=\"300\" id=\"eael-advance-tabs-3c2a83d\" class=\"eael-advance-tabs eael-tabs-horizontal eael-tab-auto-active\" data-tabid=\"3c2a83d\">\n            <div class=\"eael-tabs-nav\">\n                <ul class=\"eael-tab-inline-icon\" role=\"tablist\">\n                                            <li id=\"vocales-titulares\" class=\"inactive eael-tab-item-trigger eael-tab-nav-item\" aria-selected=\"true\" data-tab=\"1\" role=\"tab\" tabindex=\"0\" aria-controls=\"vocales-titulares-tab\" aria-expanded=\"false\">\n                            \n                                                        \n                                                            <span class=\"eael-tab-title title-after-icon\" >Full members<\/span>                            \n                                                    <\/li>\n                                            <li id=\"vocales-suplentes\" class=\"inactive eael-tab-item-trigger eael-tab-nav-item\" aria-selected=\"false\" data-tab=\"2\" role=\"tab\" tabindex=\"-1\" aria-controls=\"vocales-suplentes-tab\" aria-expanded=\"false\">\n                            \n                                                        \n                                                            <span class=\"eael-tab-title title-after-icon\" >Alternate members<\/span>                            \n                                                    <\/li>\n                    \n                                  <\/ul>\n            <\/div>\n            \n            <div class=\"eael-tabs-content\">\n\t\t        \n                    <div id=\"vocales-titulares-tab\" class=\"clearfix eael-tab-content-item inactive\" data-title-link=\"vocales-titulares-tab\">\n\t\t\t\t        <ul class=\"md-center-1\" style=\"list-style-type: none\"><li><span style=\"font-weight: 400\">ROBERTO ZUCCHI \u2013 <strong>COTECNA<\/strong><\/span><\/li><li><span style=\"font-weight: 400\">HUGO LUXARDO \u2013 <strong>HL CONTROL<\/strong><\/span><\/li><li><span style=\"font-weight: 400\">VER\u00d3NICA VAN TOOREN \u2013 <strong>INTERNATIONAL CONTROL<\/strong><\/span><\/li><li><span style=\"font-weight: 400\">JUAN CARLOS MORANDEYRA \u2013 <strong>ALEX STEWART<\/strong><\/span><\/li><li><span style=\"font-weight: 400\">DARIO SANTIAGO \u2013 <strong>INTERTEK<\/strong><\/span><\/li><\/ul>                    <\/div>\n\t\t        \n                    <div id=\"vocales-suplentes-tab\" class=\"clearfix eael-tab-content-item inactive\" data-title-link=\"vocales-suplentes-tab\">\n\t\t\t\t        <ul class=\"md-center-2\" style=\"list-style-type: none\"><li><span style=\"font-weight: 400\">MARCELO LAURINO \u2013 <strong>CIS ARGENTINA<\/strong><\/span><\/li><li><span style=\"font-weight: 400\">JAVIER GRILLO &#8211; <strong>COTECNA<\/strong><\/span><\/li><li><span style=\"font-weight: 400\">VICTOR VAZQUEZ &#8211; <strong>INTERTEK<\/strong><\/span><\/li><li><span style=\"font-weight: 400\">LUIS GRACIA \u2013 <strong>HL CONTROL<\/strong><\/span><\/li><\/ul>                    <\/div>\n\t\t                    <\/div>\n        <\/div>\n\t\t\t\t<\/div>\n\t\t\t\t<\/div>\n\t\t\t\t<div class=\"elementor-element elementor-element-b2f4f33 elementor-widget elementor-widget-eael-adv-tabs\" data-id=\"b2f4f33\" data-element_type=\"widget\" data-e-type=\"widget\" data-widget_type=\"eael-adv-tabs.default\">\n\t\t\t\t<div class=\"elementor-widget-container\">\n\t\t\t\t\t        <div data-scroll-on-click=\"no\" data-scroll-speed=\"300\" id=\"eael-advance-tabs-b2f4f33\" class=\"eael-advance-tabs eael-tabs-horizontal eael-tab-auto-active\" data-tabid=\"b2f4f33\">\n            <div class=\"eael-tabs-nav\">\n                <ul class=\"eael-tab-inline-icon\" role=\"tablist\">\n                                            <li id=\"comisin-revisora-de-cuentas\" class=\"inactive eael-tab-item-trigger eael-tab-nav-item\" aria-selected=\"true\" data-tab=\"1\" role=\"tab\" tabindex=\"0\" aria-controls=\"comisin-revisora-de-cuentas-tab\" aria-expanded=\"false\">\n                            \n                                                        \n                                                            <span class=\"eael-tab-title title-after-icon\" >Audit committee<\/span>                            \n                                                    <\/li>\n                                            <li id=\"miembros-fundadores-de-la-cmara\" class=\"inactive eael-tab-item-trigger eael-tab-nav-item\" aria-selected=\"false\" data-tab=\"2\" role=\"tab\" tabindex=\"-1\" aria-controls=\"miembros-fundadores-de-la-cmara-tab\" aria-expanded=\"false\">\n                            \n                                                        \n                                                            <span class=\"eael-tab-title title-after-icon\" >Founding members of the chamber<\/span>                            \n                                                    <\/li>\n                    \n                                  <\/ul>\n            <\/div>\n            \n            <div class=\"eael-tabs-content\">\n\t\t        \n                    <div id=\"comisin-revisora-de-cuentas-tab\" class=\"clearfix eael-tab-content-item inactive\" data-title-link=\"comisin-revisora-de-cuentas-tab\">\n\t\t\t\t        <ul class=\"md-center-1\" style=\"list-style-type: none\">\n \t<li><span style=\"font-weight: 400\"><strong>Titular:<\/strong> DANIEL TOGNOLI &#8211; <strong>SUPERINSPECT<\/strong><\/span><\/li>\n \t<li><span style=\"font-weight: 400\"><strong>Alternate:<\/strong> NICOL\u00c1S MARONI \u2013 <strong>MARONI GROUP<\/strong><\/span><\/li>\n \t<li><\/li>\n<\/ul>                    <\/div>\n\t\t        \n                    <div id=\"miembros-fundadores-de-la-cmara-tab\" class=\"clearfix eael-tab-content-item inactive\" data-title-link=\"miembros-fundadores-de-la-cmara-tab\">\n\t\t\t\t        <ul class=\"md-center-2\" style=\"list-style-type: none\">\n \t<li><span style=\"font-weight: 400\"><strong>SGS ARGENTINA<\/strong> S.A.<\/span><\/li>\n \t<li><span style=\"font-weight: 400\"><strong>SHUTTER ARGENTINA<\/strong> S.A.<\/span><\/li>\n \t<li><span style=\"font-weight: 400\"><strong>INTERTEK TESTING SERVICES<\/strong> S.A.<\/span><\/li>\n \t<li><span style=\"font-weight: 400\"><strong>WINTER SERVICE<\/strong> S.A.<\/span><\/li>\n \t<li><strong>HL. CONTROL SERVICES <\/strong>S.A<\/li>\n \t<li><span style=\"font-weight: 400\"><strong>INSPECTORATE DE ARGENTINA<\/strong> S.A.<\/span><\/li>\n \t<li><span style=\"font-weight: 400\"><strong>INTERNATIONAL CONTROL<\/strong> S.A.<\/span><\/li>\n<\/ul>                    <\/div>\n\t\t                    <\/div>\n        <\/div>\n\t\t\t\t<\/div>\n\t\t\t\t<\/div>\n\t\t\t\t\t<\/div>\n\t\t<\/div>\n\t\t\t\t\t<\/div>\n\t\t<\/section>\n\t\t\t\t<\/div>","protected":false},"excerpt":{"rendered":"<p>Comisi\u00f3n Directiva Gabriel Rodriguez Presidente Sebasti\u00e1n Morrone Vicepresidente Pablo Thomas Vicepresidente 2\u00b0 [&hellip;]<\/p>\n","protected":false},"author":1,"featured_media":0,"parent":0,"menu_order":0,"comment_status":"closed","ping_status":"closed","template":"page-templates\/page_front-page.php","meta":{"footnotes":""},"class_list":["post-910","page","type-page","status-publish","hentry"],"yoast_head":"<!-- This site is optimized with the Yoast SEO plugin v27.4 - https:\/\/yoast.com\/product\/yoast-seo-wordpress\/ -->\n<title>Comisi\u00f3n directiva - CADECRA<\/title>\n<meta name=\"description\" content=\"Comisi\u00f3n directiva de Cadecra. Somos una Asociaci\u00f3n Civil sin fines de lucro. Tenemos como objetivo fomentar la fundaci\u00f3n, organizaci\u00f3n y puesta en marcha de proyectos.\" \/>\n<meta name=\"robots\" content=\"index, follow, max-snippet:-1, max-image-preview:large, max-video-preview:-1\" \/>\n<link rel=\"canonical\" href=\"http:\/\/cadecra.org.ar\/en\/comision-directiva\/\" \/>\n<meta property=\"og:locale\" content=\"en_US\" \/>\n<meta property=\"og:type\" content=\"article\" \/>\n<meta property=\"og:title\" content=\"Comisi\u00f3n directiva - CADECRA\" \/>\n<meta property=\"og:description\" content=\"Comisi\u00f3n directiva de Cadecra. Somos una Asociaci\u00f3n Civil sin fines de lucro. Tenemos como objetivo fomentar la fundaci\u00f3n, organizaci\u00f3n y puesta en marcha de proyectos.\" \/>\n<meta property=\"og:url\" content=\"http:\/\/cadecra.org.ar\/en\/comision-directiva\/\" \/>\n<meta property=\"og:site_name\" content=\"CADECRA\" \/>\n<meta property=\"article:modified_time\" content=\"2021-10-28T14:05:19+00:00\" \/>\n<meta name=\"twitter:card\" content=\"summary_large_image\" \/>\n<meta name=\"twitter:label1\" content=\"Est. reading time\" \/>\n\t<meta name=\"twitter:data1\" content=\"2 minutes\" \/>\n<script type=\"application\/ld+json\" class=\"yoast-schema-graph\">{\"@context\":\"https:\\\/\\\/schema.org\",\"@graph\":[{\"@type\":\"WebPage\",\"@id\":\"http:\\\/\\\/cadecra.org.ar\\\/comision-directiva\\\/\",\"url\":\"http:\\\/\\\/cadecra.org.ar\\\/comision-directiva\\\/\",\"name\":\"Comisi\u00f3n directiva - CADECRA\",\"isPartOf\":{\"@id\":\"http:\\\/\\\/cadecra.org.ar\\\/#website\"},\"datePublished\":\"2021-09-28T13:20:03+00:00\",\"dateModified\":\"2021-10-28T14:05:19+00:00\",\"description\":\"Comisi\u00f3n directiva de Cadecra. Somos una Asociaci\u00f3n Civil sin fines de lucro. Tenemos como objetivo fomentar la fundaci\u00f3n, organizaci\u00f3n y puesta en marcha de proyectos.\",\"breadcrumb\":{\"@id\":\"http:\\\/\\\/cadecra.org.ar\\\/comision-directiva\\\/#breadcrumb\"},\"inLanguage\":\"en-US\",\"potentialAction\":[{\"@type\":\"ReadAction\",\"target\":[\"http:\\\/\\\/cadecra.org.ar\\\/comision-directiva\\\/\"]}]},{\"@type\":\"BreadcrumbList\",\"@id\":\"http:\\\/\\\/cadecra.org.ar\\\/comision-directiva\\\/#breadcrumb\",\"itemListElement\":[{\"@type\":\"ListItem\",\"position\":1,\"name\":\"Portada\",\"item\":\"http:\\\/\\\/cadecra.org.ar\\\/\"},{\"@type\":\"ListItem\",\"position\":2,\"name\":\"Comisi\u00f3n directiva\"}]},{\"@type\":\"WebSite\",\"@id\":\"http:\\\/\\\/cadecra.org.ar\\\/#website\",\"url\":\"http:\\\/\\\/cadecra.org.ar\\\/\",\"name\":\"CADECRA\",\"description\":\"C\u00e1mara de Empresas de Control de la Rep\u00fablica Argentina\",\"potentialAction\":[{\"@type\":\"SearchAction\",\"target\":{\"@type\":\"EntryPoint\",\"urlTemplate\":\"http:\\\/\\\/cadecra.org.ar\\\/?s={search_term_string}\"},\"query-input\":{\"@type\":\"PropertyValueSpecification\",\"valueRequired\":true,\"valueName\":\"search_term_string\"}}],\"inLanguage\":\"en-US\"}]}<\/script>\n<!-- \/ Yoast SEO plugin. -->","yoast_head_json":{"title":"Comisi\u00f3n directiva - CADECRA","description":"Comisi\u00f3n directiva de Cadecra. Somos una Asociaci\u00f3n Civil sin fines de lucro. Tenemos como objetivo fomentar la fundaci\u00f3n, organizaci\u00f3n y puesta en marcha de proyectos.","robots":{"index":"index","follow":"follow","max-snippet":"max-snippet:-1","max-image-preview":"max-image-preview:large","max-video-preview":"max-video-preview:-1"},"canonical":"http:\/\/cadecra.org.ar\/en\/comision-directiva\/","og_locale":"en_US","og_type":"article","og_title":"Comisi\u00f3n directiva - CADECRA","og_description":"Comisi\u00f3n directiva de Cadecra. Somos una Asociaci\u00f3n Civil sin fines de lucro. Tenemos como objetivo fomentar la fundaci\u00f3n, organizaci\u00f3n y puesta en marcha de proyectos.","og_url":"http:\/\/cadecra.org.ar\/en\/comision-directiva\/","og_site_name":"CADECRA","article_modified_time":"2021-10-28T14:05:19+00:00","twitter_card":"summary_large_image","twitter_misc":{"Est. reading time":"2 minutes"},"schema":{"@context":"https:\/\/schema.org","@graph":[{"@type":"WebPage","@id":"http:\/\/cadecra.org.ar\/comision-directiva\/","url":"http:\/\/cadecra.org.ar\/comision-directiva\/","name":"Comisi\u00f3n directiva - CADECRA","isPartOf":{"@id":"http:\/\/cadecra.org.ar\/#website"},"datePublished":"2021-09-28T13:20:03+00:00","dateModified":"2021-10-28T14:05:19+00:00","description":"Comisi\u00f3n directiva de Cadecra. Somos una Asociaci\u00f3n Civil sin fines de lucro. Tenemos como objetivo fomentar la fundaci\u00f3n, organizaci\u00f3n y puesta en marcha de proyectos.","breadcrumb":{"@id":"http:\/\/cadecra.org.ar\/comision-directiva\/#breadcrumb"},"inLanguage":"en-US","potentialAction":[{"@type":"ReadAction","target":["http:\/\/cadecra.org.ar\/comision-directiva\/"]}]},{"@type":"BreadcrumbList","@id":"http:\/\/cadecra.org.ar\/comision-directiva\/#breadcrumb","itemListElement":[{"@type":"ListItem","position":1,"name":"Portada","item":"http:\/\/cadecra.org.ar\/"},{"@type":"ListItem","position":2,"name":"Comisi\u00f3n directiva"}]},{"@type":"WebSite","@id":"http:\/\/cadecra.org.ar\/#website","url":"http:\/\/cadecra.org.ar\/","name":"CADECRA","description":"C\u00e1mara de Empresas de Control de la Rep\u00fablica Argentina","potentialAction":[{"@type":"SearchAction","target":{"@type":"EntryPoint","urlTemplate":"http:\/\/cadecra.org.ar\/?s={search_term_string}"},"query-input":{"@type":"PropertyValueSpecification","valueRequired":true,"valueName":"search_term_string"}}],"inLanguage":"en-US"}]}},"_links":{"self":[{"href":"https:\/\/cadecra.org.ar\/en\/wp-json\/wp\/v2\/pages\/910","targetHints":{"allow":["GET"]}}],"collection":[{"href":"https:\/\/cadecra.org.ar\/en\/wp-json\/wp\/v2\/pages"}],"about":[{"href":"https:\/\/cadecra.org.ar\/en\/wp-json\/wp\/v2\/types\/page"}],"author":[{"embeddable":true,"href":"https:\/\/cadecra.org.ar\/en\/wp-json\/wp\/v2\/users\/1"}],"replies":[{"embeddable":true,"href":"https:\/\/cadecra.org.ar\/en\/wp-json\/wp\/v2\/comments?post=910"}],"version-history":[{"count":110,"href":"https:\/\/cadecra.org.ar\/en\/wp-json\/wp\/v2\/pages\/910\/revisions"}],"predecessor-version":[{"id":1892,"href":"https:\/\/cadecra.org.ar\/en\/wp-json\/wp\/v2\/pages\/910\/revisions\/1892"}],"wp:attachment":[{"href":"https:\/\/cadecra.org.ar\/en\/wp-json\/wp\/v2\/media?parent=910"}],"curies":[{"name":"wp","href":"https:\/\/api.w.org\/{rel}","templated":true}]}}